{"id":898,"date":"2026-01-09T18:26:31","date_gmt":"2026-01-09T18:26:31","guid":{"rendered":"https:\/\/academiatrascender.com\/aula\/?post_type=product&#038;p=898"},"modified":"2026-01-15T14:39:38","modified_gmt":"2026-01-15T14:39:38","slug":"la-red-de-luz-y-amor","status":"publish","type":"product","link":"https:\/\/academiatrascender.com\/aula\/producto\/la-red-de-luz-y-amor\/","title":{"rendered":"La Red de Luz y Amor"},"content":{"rendered":"<h3><i>Convi\u00e9rtete en un faro viviente para la evoluci\u00f3n del planeta<\/i><\/h3>\n<p>Hemos llegado a una fase crucial de nuestro viaje. El trabajo realizado con los Pilares de Luz y las pr\u00e1cticas de transmutaci\u00f3n iniciadas en 2025 nos han preparado para dar otro paso: dejar de ser simples investigadores y convertirnos en <b>canales activos<\/b> .<\/p>\n<p>La \u00abRed de Luz y Amor\u00bb es un nuevo ciclo de transmisiones creado para establecer una red viva, una red energ\u00e9tica que conecta a cada participante, transform\u00e1ndolo en una fuente directa de Luz Divina. En este espacio, tu evoluci\u00f3n personal se fusiona con el servicio a todo el ecosistema humano y planetario.<\/p>\n<h3><b>El camino hacia la transmisi\u00f3n<\/b><\/h3>\n<p>El camino est\u00e1 estructurado en fases precisas para garantizar que tu biolog\u00eda y tu esp\u00edritu est\u00e9n preparados para sostener y transmitir altas frecuencias:<\/p>\n<ul>\n<li><b>Activaci\u00f3n interna (fase de preparaci\u00f3n):<\/b> los tres primeros meses se dedican a despertar la luz interior, reforzar la estabilidad personal y alcanzar un estado de neutralidad. Sin este equilibrio, no es posible transmitir la Luz en su forma pura.<\/li>\n<li><b>Transmisi\u00f3n multidimensional:<\/b> una vez superada la fase inicial, aprender\u00e1s a proyectar Amor y Luz alineando tu parte humana, tu alma y tu componente espiritual.<\/li>\n<li><b>La coherencia del coraz\u00f3n:<\/b> cada participante se convierte en un nodo vital de esta red, sosteniendo la vibraci\u00f3n de los dem\u00e1s y del propio planeta.<\/li>\n<\/ul>\n<h3><b>El compromiso del maestro: el C\u00f3digo de la Luz<\/b><\/h3>\n<p>Formar parte de la Red es un honor y una responsabilidad. Para garantizar la pureza de la red energ\u00e9tica, el acceso se regula a trav\u00e9s de las siguientes fases:<\/p>\n<ul>\n<li><b>Las 3 pr\u00e1cticas preparatorias:<\/b> Para participar en las transmisiones avanzadas es imprescindible haber completado las tres pr\u00e1cticas preparatorias dedicadas a la activaci\u00f3n y el llenado energ\u00e9tico.<\/li>\n<li><b>El C\u00f3digo de Luz y Amor:<\/b> Despu\u00e9s de la preparaci\u00f3n, se te invitar\u00e1 a leer y adherirte al <i>C\u00f3digo de Luz y Amor<\/i> , un compromiso \u00e9tico y espiritual contigo mismo y con la Red.<\/li>\n<li><b>Requisito esencial:<\/b> solo aquellos que hayan completado la formaci\u00f3n y confirmado su adhesi\u00f3n al C\u00f3digo podr\u00e1n continuar en el ciclo de transmisi\u00f3n de la Red.<\/li>\n<\/ul>\n","protected":false},"excerpt":{"rendered":"<h3><b>El C\u00f3digo de la Luz y el Amor (Compromiso de Honor)<\/b><\/h3>\n<p>Al unirte a esta red, declaras tu compromiso con los siguientes principios basados en el dominio:<\/p>\n<ol>\n<li><b>Soberan\u00eda divina:<\/b> reconozco que soy un poderoso creador de mi realidad y que el poder de Dios reside en mi coraz\u00f3n.<\/li>\n<li><b>Responsabilidad:<\/b> asumo la responsabilidad de mi energ\u00eda, mis elecciones y mi destino.<\/li>\n<li><b>Neutralidad y amor:<\/b> me comprometo a actuar con amor incondicional, transformando cada sombra en luz.<\/li>\n<li><b>Unidad:<\/b> reconozco que formo parte de una humanidad divina unida y comparto mi luz con los dem\u00e1s.<\/li>\n<li><b>Servicio a Gaia:<\/b> act\u00fao en armon\u00eda con la naturaleza, enviando amor y luz a nuestro planeta para su transici\u00f3n hacia la Nueva Era.<\/li>\n<\/ol>\n","protected":false},"featured_media":0,"comment_status":"open","ping_status":"closed","template":"","meta":[],"product_brand":[],"product_cat":[14937],"product_tag":[],"class_list":{"0":"post-898","1":"product","2":"type-product","3":"status-publish","5":"product_cat-practicas","7":"first","8":"instock","9":"virtual","10":"purchasable","11":"product-type-simple"},"aioseo_notices":[],"_links":{"self":[{"href":"https:\/\/academiatrascender.com\/aula\/wp-json\/wp\/v2\/product\/898","targetHints":{"allow":["GET"]}}],"collection":[{"href":"https:\/\/academiatrascender.com\/aula\/wp-json\/wp\/v2\/product"}],"about":[{"href":"https:\/\/academiatrascender.com\/aula\/wp-json\/wp\/v2\/types\/product"}],"replies":[{"embeddable":true,"href":"https:\/\/academiatrascender.com\/aula\/wp-json\/wp\/v2\/comments?post=898"}],"wp:attachment":[{"href":"https:\/\/academiatrascender.com\/aula\/wp-json\/wp\/v2\/media?parent=898"}],"wp:term":[{"taxonomy":"product_brand","embeddable":true,"href":"https:\/\/academiatrascender.com\/aula\/wp-json\/wp\/v2\/product_brand?post=898"},{"taxonomy":"product_cat","embeddable":true,"href":"https:\/\/academiatrascender.com\/aula\/wp-json\/wp\/v2\/product_cat?post=898"},{"taxonomy":"product_tag","embeddable":true,"href":"https:\/\/academiatrascender.com\/aula\/wp-json\/wp\/v2\/product_tag?post=898"}],"curies":[{"name":"wp","href":"https:\/\/api.w.org\/{rel}","templated":true}]}}