{"id":890,"date":"2026-01-09T18:06:25","date_gmt":"2026-01-09T18:06:25","guid":{"rendered":"https:\/\/academiatrascender.com\/aula\/?post_type=product&#038;p=890"},"modified":"2026-01-09T18:10:02","modified_gmt":"2026-01-09T18:10:02","slug":"calendario-lunar-new-age-kryon","status":"publish","type":"product","link":"https:\/\/academiatrascender.com\/aula\/producto\/calendario-lunar-new-age-kryon\/","title":{"rendered":"Calendario Lunar New Age KRYON"},"content":{"rendered":"<h3><i>Tu compa\u00f1ero eterno para la creaci\u00f3n de la realidad<\/i><\/h3>\n<p>El tiempo en el que nos sent\u00edamos peque\u00f1os y a merced de fuerzas externas ha terminado. Hoy, como almas hermosas venidas de las estrellas, despertamos a nuestra verdadera naturaleza: somos \u00e1ngeles majestuosos, rayos y mensajeros de Dios, poderosos creadores que han elegido estar aqu\u00ed para transformar la Tierra en un lugar paradis\u00edaco.<\/p>\n<p>El <b>Calendario Lunar New Age KRYON<\/b> es la br\u00fajula cu\u00e1ntica para esta nueva era. Crystal nos ense\u00f1a que no somos granos de arena, sino una fuerza capaz de decidir si nos dejamos influir o no por las energ\u00edas externas. Con esta herramienta, aprender\u00e1s a dirigir el amor y la luz de tu conciencia para cambiarte a ti mismo y, en consecuencia, al mundo entero.<\/p>\n<h3><b>Qu\u00e9 encontrar\u00e1s en este Camino de 30 d\u00edas<\/b><\/h3>\n<p>El calendario est\u00e1 estructurado en 30 secciones, una por cada d\u00eda lunar. Cada d\u00eda es una puerta hacia tu maestr\u00eda, donde no existen \u00abd\u00edas negativos\u00bb, sino solo oportunidades para extraer el bien y la belleza. Para cada fase tendr\u00e1s:<\/p>\n<ol>\n<li><b>Mensajes de Crystal:<\/b> Palabras amorosas canalizadas para recordarte tu esencia divina y darte fuerza en los momentos de transici\u00f3n.<\/li>\n<li><b>Sugerencias energ\u00e9ticas:<\/b> Consejos pr\u00e1cticos para armonizar tus acciones diarias con el flujo del Universo.<\/li>\n<li><b>Afirmaciones de luz:<\/b> Pensamientos creativos para reprogramar tu mente y vibrar en la frecuencia del Amor y la Salud Divina.<\/li>\n<li><b>Pr\u00e1cticas y sintonizaciones:<\/b> Ejercicios sencillos para relajar el cuerpo, visualizar un futuro favorable y activar tus c\u00f3digos de luz internos.<\/li>\n<\/ol>\n<h3><b>Una inversi\u00f3n para tu maestr\u00eda eterna<\/b><\/h3>\n<p>Hemos decidido que esta herramienta sea una compra \u00fanica. Creemos en tu autonom\u00eda: una vez adquirida esta sabidur\u00eda, se convertir\u00e1 en parte de ti y podr\u00e1s utilizarla c\u00edclicamente, mes tras mes, para siempre. Es tu manual para vivir constantemente en la Nueva Energ\u00eda.<\/p>\n<p><b>Inversi\u00f3n \u00fanica (acceso para siempre)<\/b><\/p>\n","protected":false},"excerpt":{"rendered":"<p>Tu compa\u00f1ero eterno para la creaci\u00f3n de la realidad El tiempo en el que nos sent\u00edamos peque\u00f1os y a merced de fuerzas externas ha terminado.&hellip;<\/p>\n","protected":false},"featured_media":892,"comment_status":"open","ping_status":"closed","template":"","meta":[],"product_brand":[],"product_cat":[14937],"product_tag":[],"class_list":{"0":"post-890","1":"product","2":"type-product","3":"status-publish","4":"has-post-thumbnail","6":"product_cat-practicas","8":"first","9":"instock","10":"virtual","11":"purchasable","12":"product-type-simple"},"aioseo_notices":[],"_links":{"self":[{"href":"https:\/\/academiatrascender.com\/aula\/wp-json\/wp\/v2\/product\/890","targetHints":{"allow":["GET"]}}],"collection":[{"href":"https:\/\/academiatrascender.com\/aula\/wp-json\/wp\/v2\/product"}],"about":[{"href":"https:\/\/academiatrascender.com\/aula\/wp-json\/wp\/v2\/types\/product"}],"replies":[{"embeddable":true,"href":"https:\/\/academiatrascender.com\/aula\/wp-json\/wp\/v2\/comments?post=890"}],"wp:featuredmedia":[{"embeddable":true,"href":"https:\/\/academiatrascender.com\/aula\/wp-json\/wp\/v2\/media\/892"}],"wp:attachment":[{"href":"https:\/\/academiatrascender.com\/aula\/wp-json\/wp\/v2\/media?parent=890"}],"wp:term":[{"taxonomy":"product_brand","embeddable":true,"href":"https:\/\/academiatrascender.com\/aula\/wp-json\/wp\/v2\/product_brand?post=890"},{"taxonomy":"product_cat","embeddable":true,"href":"https:\/\/academiatrascender.com\/aula\/wp-json\/wp\/v2\/product_cat?post=890"},{"taxonomy":"product_tag","embeddable":true,"href":"https:\/\/academiatrascender.com\/aula\/wp-json\/wp\/v2\/product_tag?post=890"}],"curies":[{"name":"wp","href":"https:\/\/api.w.org\/{rel}","templated":true}]}}