{"id":873,"date":"2026-01-09T17:25:42","date_gmt":"2026-01-09T17:25:42","guid":{"rendered":"https:\/\/academiatrascender.com\/aula\/?post_type=product&#038;p=873"},"modified":"2026-01-09T17:33:34","modified_gmt":"2026-01-09T17:33:34","slug":"laboratorio-practico","status":"publish","type":"product","link":"https:\/\/academiatrascender.com\/aula\/producto\/laboratorio-practico\/","title":{"rendered":"Laboratorio pr\u00e1ctico"},"content":{"rendered":"<h3><i>10 pr\u00e1cticas en v\u00eddeo para tu evoluci\u00f3n diaria<\/i><\/h3>\n<p>Este taller es un recorrido pr\u00e1ctico y operativo dedicado a quienes desean dejar de sufrir la realidad y empezar a crearla conscientemente. La verdadera maestr\u00eda no reside en la teor\u00eda, sino en la acci\u00f3n repetida con intenci\u00f3n y presencia.<\/p>\n<p>Hemos creado un espacio donde la evoluci\u00f3n se convierte en un gesto sencillo, fluido e integrado en tu vida cotidiana. A trav\u00e9s de este camino, aprender\u00e1s a limpiar tu campo energ\u00e9tico, a cortar los patrones obsoletos y a plantar las semillas de tu nueva existencia en armon\u00eda con tu gu\u00eda interior.<\/p>\n<h3><b>C\u00f3mo funciona el taller<\/b><\/h3>\n<p>El camino se desarrolla a lo largo del a\u00f1o a trav\u00e9s de un m\u00e9todo directo y sin complicaciones:<\/p>\n<ul>\n<li><b>10 v\u00eddeos pr\u00e1cticos (30 minutos cada uno):<\/b> cada cita en v\u00eddeo es una pr\u00e1ctica completa. No hay largas explicaciones te\u00f3ricas: cada v\u00eddeo te gu\u00eda paso a paso en un ejercicio energ\u00e9tico o meditativo dise\u00f1ado para producir un cambio real en tu vibraci\u00f3n.<\/li>\n<li><b>Evoluci\u00f3n diaria:<\/b> una vez que hayas aprendido la pr\u00e1ctica a trav\u00e9s del v\u00eddeo del mes, tu tarea ser\u00e1 repetirla a diario. Esta constancia permite que los nuevos c\u00f3digos de luz penetren en tu biolog\u00eda y transformen profundamente tu forma de percibir y reaccionar ante el mundo.<\/li>\n<li><b>Sostenibilidad y claridad:<\/b> El tiempo que le dediques es una inversi\u00f3n valiosa. Con solo 30 minutos de pr\u00e1ctica guiada, tendr\u00e1s una herramienta poderosa para utilizar cada d\u00eda y mantener tu soberan\u00eda interior y tu conexi\u00f3n con la Fuente.<\/li>\n<\/ul>\n","protected":false},"excerpt":{"rendered":"<p>10 pr\u00e1cticas en v\u00eddeo para tu evoluci\u00f3n diaria Este taller es un recorrido pr\u00e1ctico y operativo dedicado a quienes desean dejar de sufrir la realidad&hellip;<\/p>\n","protected":false},"featured_media":875,"comment_status":"open","ping_status":"closed","template":"","meta":[],"product_brand":[],"product_cat":[14937],"product_tag":[],"class_list":{"0":"post-873","1":"product","2":"type-product","3":"status-publish","4":"has-post-thumbnail","6":"product_cat-practicas","8":"first","9":"instock","10":"virtual","11":"sold-individually","12":"purchasable","13":"product-type-course"},"aioseo_notices":[],"_links":{"self":[{"href":"https:\/\/academiatrascender.com\/aula\/wp-json\/wp\/v2\/product\/873","targetHints":{"allow":["GET"]}}],"collection":[{"href":"https:\/\/academiatrascender.com\/aula\/wp-json\/wp\/v2\/product"}],"about":[{"href":"https:\/\/academiatrascender.com\/aula\/wp-json\/wp\/v2\/types\/product"}],"replies":[{"embeddable":true,"href":"https:\/\/academiatrascender.com\/aula\/wp-json\/wp\/v2\/comments?post=873"}],"wp:featuredmedia":[{"embeddable":true,"href":"https:\/\/academiatrascender.com\/aula\/wp-json\/wp\/v2\/media\/875"}],"wp:attachment":[{"href":"https:\/\/academiatrascender.com\/aula\/wp-json\/wp\/v2\/media?parent=873"}],"wp:term":[{"taxonomy":"product_brand","embeddable":true,"href":"https:\/\/academiatrascender.com\/aula\/wp-json\/wp\/v2\/product_brand?post=873"},{"taxonomy":"product_cat","embeddable":true,"href":"https:\/\/academiatrascender.com\/aula\/wp-json\/wp\/v2\/product_cat?post=873"},{"taxonomy":"product_tag","embeddable":true,"href":"https:\/\/academiatrascender.com\/aula\/wp-json\/wp\/v2\/product_tag?post=873"}],"curies":[{"name":"wp","href":"https:\/\/api.w.org\/{rel}","templated":true}]}}