{"id":1384,"date":"2026-01-08T17:17:30","date_gmt":"2026-01-08T17:17:30","guid":{"rendered":"https:\/\/academiatrascender.com\/aula\/producto\/corso-le-55-leggi-delluniverso\/"},"modified":"2026-01-15T16:10:07","modified_gmt":"2026-01-15T16:10:07","slug":"corso-le-55-leggi-delluniverso","status":"publish","type":"product","link":"https:\/\/academiatrascender.com\/aula\/producto\/corso-le-55-leggi-delluniverso\/","title":{"rendered":"Corso Le 55 leggi dell&#8217;universo"},"content":{"rendered":"<h4><b><strong>Stai cercando di navigare nella tua vita con una mappa antiquata in un mondo completamente nuovo?<\/strong><\/b><\/h4>\n<p>C&#8217;\u00e8 un momento nel viaggio di ogni anima in cui ci si rende conto che le strategie di sempre non funzionano pi\u00f9. La lotta, lo sforzo, le convinzioni limitanti&#8230; \u00e8 come se l&#8217;Universo stesso stesse cambiando le regole del gioco.<\/p>\n<p>E la verit\u00e0 \u00e8 che lo sta facendo.<\/p>\n<p>Ci troviamo in un punto di svolta storico, un momento in cui le leggi create dall&#8217;uomo, basate sulla paura e sulla limitazione, stanno cedendo il passo alle eterne Leggi dell&#8217;Universo, i veri fondamenti della realt\u00e0.<\/p>\n<p>Queste non sono leggi \u201cnuove\u201d. Sono antiche, immutabili&#8230; Conoscerle non \u00e8 solo un esercizio intellettuale, \u00e8 un atto di profonda guarigione e empowerment. \u00c8 ricordare chi sei veramente e recuperare il potere che hai ceduto all&#8217;esterno.<\/p>\n<p>Se senti il richiamo a smettere di soffrire la vita e iniziare a co-crearne le meraviglie, non \u00e8 un caso. \u00c8 un invito.<\/p>\n<h4><b><strong>Questo viaggio di trasformazione \u00e8 per te se:<\/strong><\/b><\/h4>\n<ul>\n<li><b>Ti senti intrappolato\/a<\/b> in dinamiche che si ripetono nelle tue relazioni, nelle tue finanze o nella tua salute, e non riesci a rompere il ciclo.<\/li>\n<li><b>Desideri realizzare i tuoi sogni<\/b>, ma senti che la \u201cLegge di Attrazione\u201d da sola non \u00e8 sufficiente e ti manca un pezzo del puzzle.<\/li>\n<li><b>Vuoi trasformare la rabbia e la frustrazione<\/b> in passione e azione costruttiva per migliorare la tua vita.<\/li>\n<li><b>Cerchi il tuo vero scopo<\/b> e vuoi liberarti dalla sensazione di apatia o depressione che spegne la tua luce interiore.<\/li>\n<li><b>Vuoi guarire le ferite del passato<\/b>, compresi i traumi emotivi e sessuali, per vivere una vita piena di autenticit\u00e0 e piacere.<\/li>\n<li><b>Senti il bisogno di avere pi\u00f9 fiducia in te stesso\/a<\/b> e nella vita, creando un senso di sicurezza interiore che nulla possa scuotere.<\/li>\n<li><b>Sei pronto\/a a smettere di cercare risposte all&#8217;esterno<\/b> e a trovare la tua autorit\u00e0, la tua verit\u00e0 e il tuo potere dentro di te.<\/li>\n<\/ul>\n<h4><b><strong>Cosa ti aspetta in questo percorso unico:<\/strong><\/b><\/h4>\n<p>Un corso online monumentale, diviso in due parti fondamentali:<\/p>\n<ul>\n<li><b>La Conoscenza (Le Leggi):<\/b> 55 trasmissioni video in cui esploreremo in profondit\u00e0 ciascuna delle 55 Leggi dell&#8217;Universo. Non solo teoria, ma una vera e propria decodifica del linguaggio dell&#8217;Universo.<\/li>\n<li><b>L&#8217;integrazione (le pratiche):<\/b> informazioni pratiche, tecniche ed esercizi che ho sviluppato per aiutarti a rendere queste leggi una realt\u00e0 vissuta nella tua vita quotidiana. L&#8217;impatto avverr\u00e0 su 4 livelli: spirituale, mentale, emotivo e fisico.<\/li>\n<\/ul>\n<h4><b>Alla fine di questo viaggio, sarai in grado di:<\/b><\/h4>\n<ul>\n<li><b>Comprendere e applicare le dinamiche universali<\/b> per creare pi\u00f9 abbondanza, equilibrio e armonia in tutti gli ambiti della tua vita.<\/li>\n<li><b>Trasformare radicalmente la tua percezione<\/b> delle relazioni, del denaro e del tuo valore.<\/li>\n<li><b>Liberarti dal senso di colpa, dalla vergogna e dalle paure del passato<\/b>, accedendo a un nuovo livello di libert\u00e0 e consapevolezza.<\/li>\n<li><b>Attivare la tua energia vitale e creativa<\/b>, guarendo vecchi blocchi e riscoprendo la passione per la vita.<\/li>\n<li><b>Affrontare i cambiamenti con grazia e fiducia<\/b>, sapendo come utilizzare ogni sfida come un&#8217;opportunit\u00e0 di crescita.<\/li>\n<li><b>Vivere una vita guidata dalla tua saggezza interiore<\/b>, e non da circostanze esterne o giudizi altrui.<\/li>\n<\/ul>\n","protected":false},"excerpt":{"rendered":"<p>Stai cercando di navigare nella tua vita con una mappa antiquata in un mondo completamente nuovo? C&#8217;\u00e8 un momento nel viaggio di ogni anima in&hellip;<\/p>\n","protected":false},"featured_media":1029,"comment_status":"open","ping_status":"closed","template":"","meta":[],"product_brand":[],"product_cat":[15116],"product_tag":[],"class_list":{"0":"post-1384","1":"product","2":"type-product","3":"status-publish","4":"has-post-thumbnail","6":"product_cat-corsi-a-pagamento","8":"first","9":"instock","10":"sale","11":"virtual","12":"sold-individually","13":"purchasable","14":"product-type-course"},"aioseo_notices":[],"_links":{"self":[{"href":"https:\/\/academiatrascender.com\/aula\/wp-json\/wp\/v2\/product\/1384","targetHints":{"allow":["GET"]}}],"collection":[{"href":"https:\/\/academiatrascender.com\/aula\/wp-json\/wp\/v2\/product"}],"about":[{"href":"https:\/\/academiatrascender.com\/aula\/wp-json\/wp\/v2\/types\/product"}],"replies":[{"embeddable":true,"href":"https:\/\/academiatrascender.com\/aula\/wp-json\/wp\/v2\/comments?post=1384"}],"wp:featuredmedia":[{"embeddable":true,"href":"https:\/\/academiatrascender.com\/aula\/wp-json\/wp\/v2\/media\/1029"}],"wp:attachment":[{"href":"https:\/\/academiatrascender.com\/aula\/wp-json\/wp\/v2\/media?parent=1384"}],"wp:term":[{"taxonomy":"product_brand","embeddable":true,"href":"https:\/\/academiatrascender.com\/aula\/wp-json\/wp\/v2\/product_brand?post=1384"},{"taxonomy":"product_cat","embeddable":true,"href":"https:\/\/academiatrascender.com\/aula\/wp-json\/wp\/v2\/product_cat?post=1384"},{"taxonomy":"product_tag","embeddable":true,"href":"https:\/\/academiatrascender.com\/aula\/wp-json\/wp\/v2\/product_tag?post=1384"}],"curies":[{"name":"wp","href":"https:\/\/api.w.org\/{rel}","templated":true}]}}