{"id":1366,"date":"2026-01-09T18:26:31","date_gmt":"2026-01-09T18:26:31","guid":{"rendered":"https:\/\/academiatrascender.com\/aula\/producto\/la-rete-di-luce-e-amore\/"},"modified":"2026-01-15T14:46:37","modified_gmt":"2026-01-15T14:46:37","slug":"la-rete-di-luce-e-amore","status":"publish","type":"product","link":"https:\/\/academiatrascender.com\/aula\/producto\/la-rete-di-luce-e-amore\/","title":{"rendered":"La Rete di Luce e Amore"},"content":{"rendered":"<h3><i>Diventa un faro vivente per l&#8217;evoluzione del pianeta<\/i><\/h3>\n<p>Abbiamo raggiunto una fase cruciale del nostro viaggio. Il lavoro svolto con i Pilastri di Luce e le pratiche di trasmutazione avviate nel 2025 ci hanno preparato a compiere un altro passo: smettere di essere semplici ricercatori e diventare <b>canali attivi<\/b> .<\/p>\n<p>La &#8220;Rete di Luce e Amore&#8221; \u00e8 un nuovo ciclo di trasmissioni creato per stabilire una rete vivente, una rete energetica che connette ogni partecipante, trasformandolo in una fonte diretta di Luce Divina. In questo spazio, la tua evoluzione personale si fonde con il servizio all&#8217;intero ecosistema umano e planetario.<\/p>\n<h3><b>Il percorso verso la trasmissione<\/b><\/h3>\n<p>Il percorso \u00e8 strutturato in fasi precise per garantire che la tua biologia e il tuo spirito siano preparati a sostenere e trasmettere alte frequenze:<\/p>\n<ul>\n<li><b>Attivazione Interna (Fase di Preparazione):<\/b> I primi tre mesi sono dedicati al risveglio della luce interiore, al rafforzamento della stabilit\u00e0 personale e al raggiungimento di uno stato di neutralit\u00e0. Senza questo equilibrio, non \u00e8 possibile trasmettere la Luce nella sua forma pura.<\/li>\n<li><b>Trasmissione multidimensionale:<\/b> una volta superata la fase iniziale, imparerai a proiettare Amore e Luce allineando la tua parte umana, la tua anima e la tua componente spirituale.<\/li>\n<li><b>La coerenza del cuore:<\/b> ogni partecipante diventa un nodo vitale in questa rete, sostenendo la vibrazione degli altri e del pianeta stesso.<\/li>\n<\/ul>\n<h3><b>L&#8217;impegno dell&#8217;insegnante: il Codice della Luce<\/b><\/h3>\n<p>Far parte della Rete \u00e8 un onore e una responsabilit\u00e0. Per garantire la purezza della rete energetica, l&#8217;accesso \u00e8 regolamentato attraverso le seguenti fasi:<\/p>\n<ul>\n<li><b>Le 3 pratiche preparatorie:<\/b> Per partecipare alle trasmissioni avanzate \u00e8 indispensabile aver completato le tre pratiche preparatorie dedicate all&#8217;attivazione e al riempimento energetico.<\/li>\n<li><b>Il Codice di Luce e Amore:<\/b> Dopo la preparazione, sarai invitato a leggere e ad aderire al <i>Codice di Luce e Amore<\/i> , un impegno etico e spirituale verso te stesso e la Rete.<\/li>\n<li><b>Requisito essenziale:<\/b> solo coloro che hanno completato la formazione e confermato la propria adesione al Codice potranno proseguire nel ciclo di trasmissione della Rete.<\/li>\n<\/ul>\n","protected":false},"excerpt":{"rendered":"<h3 data-path-to-node=\"16\"><b data-path-to-node=\"16\" data-index-in-node=\"0\"><span dir=\"auto\" style=\"vertical-align: inherit;\">Il Codice della Luce e dell&#8217;Amore (Impegno d&#8217;Onore)<\/span><\/b><\/h3>\n<p data-path-to-node=\"17\"><span data-path-to-node=\"17,1\"><span class=\"citation-627\"><span dir=\"auto\" style=\"vertical-align: inherit;\">Unendoti a questa rete, dichiari il tuo impegno nei confronti dei seguenti principi basati sulla padronanza<\/span><\/span><\/span><span data-path-to-node=\"17,3\"><span dir=\"auto\" style=\"vertical-align: inherit;\">\u00a0:<\/span><\/span><\/p>\n<ol start=\"1\" data-path-to-node=\"18\">\n<li>\n<p data-path-to-node=\"18,0,1\"><span data-path-to-node=\"18,0,1,0\"><b data-path-to-node=\"18,0,1,0\" data-index-in-node=\"0\"><span class=\"citation-626\"><span dir=\"auto\" style=\"vertical-align: inherit;\">Sovranit\u00e0 divina:<\/span><\/span><\/b><span class=\"citation-626\"><span dir=\"auto\" style=\"vertical-align: inherit;\">\u00a0riconosco di essere un potente creatore della mia realt\u00e0 e che il potere di Dio risiede nel mio cuore<\/span><\/span><\/span><span data-path-to-node=\"18,0,1,2\"><span dir=\"auto\" style=\"vertical-align: inherit;\">\u00a0.<\/span><\/span><\/p>\n<\/li>\n<li>\n<p data-path-to-node=\"18,1,1\"><span data-path-to-node=\"18,1,1,0\"><b data-path-to-node=\"18,1,1,0\" data-index-in-node=\"0\"><span class=\"citation-625\"><span dir=\"auto\" style=\"vertical-align: inherit;\">Responsabilit\u00e0:<\/span><\/span><\/b><span class=\"citation-625\"><span dir=\"auto\" style=\"vertical-align: inherit;\">\u00a0mi assumo la responsabilit\u00e0 della mia energia, delle mie scelte e del mio destino<\/span><\/span><\/span><span data-path-to-node=\"18,1,1,2\"><span dir=\"auto\" style=\"vertical-align: inherit;\">\u00a0.<\/span><\/span><\/p>\n<\/li>\n<li>\n<p data-path-to-node=\"18,2,1\"><span data-path-to-node=\"18,2,1,0\"><b data-path-to-node=\"18,2,1,0\" data-index-in-node=\"0\"><span class=\"citation-624\"><span dir=\"auto\" style=\"vertical-align: inherit;\">Neutralit\u00e0 e Amore:<\/span><\/span><\/b><span class=\"citation-624\"><span dir=\"auto\" style=\"vertical-align: inherit;\">\u00a0mi impegno ad agire con amore incondizionato, trasformando ogni ombra in luce<\/span><\/span><\/span><span data-path-to-node=\"18,2,1,2\"><span dir=\"auto\" style=\"vertical-align: inherit;\">\u00a0.<\/span><\/span><\/p>\n<\/li>\n<li>\n<p data-path-to-node=\"18,3,1\"><span data-path-to-node=\"18,3,1,0\"><b data-path-to-node=\"18,3,1,0\" data-index-in-node=\"0\"><span class=\"citation-623\"><span dir=\"auto\" style=\"vertical-align: inherit;\">Unit\u00e0:<\/span><\/span><\/b><span class=\"citation-623\"><span dir=\"auto\" style=\"vertical-align: inherit;\">\u00a0riconosco di far parte di un&#8217;umanit\u00e0 divina unita e condivido la mia luce con gli altri<\/span><\/span><\/span><span data-path-to-node=\"18,3,1,2\"><span dir=\"auto\" style=\"vertical-align: inherit;\">\u00a0.<\/span><\/span><\/p>\n<\/li>\n<li>\n<p data-path-to-node=\"18,4,1\"><span data-path-to-node=\"18,4,1,0\"><b data-path-to-node=\"18,4,1,0\" data-index-in-node=\"0\"><span class=\"citation-622\"><span dir=\"auto\" style=\"vertical-align: inherit;\">Servizio a Gaia:<\/span><\/span><\/b><span class=\"citation-622\"><span dir=\"auto\" style=\"vertical-align: inherit;\">\u00a0agisco in armonia con la natura, inviando amore e luce al nostro pianeta per la sua transizione verso la Nuova Era<\/span><\/span><\/span><span data-path-to-node=\"18,4,1,2\"><span dir=\"auto\" style=\"vertical-align: inherit;\">\u00a0.<\/span><\/span><\/p>\n<\/li>\n<\/ol>\n","protected":false},"featured_media":0,"comment_status":"open","ping_status":"closed","template":"","meta":[],"product_brand":[],"product_cat":[15114],"product_tag":[],"class_list":{"0":"post-1366","1":"product","2":"type-product","3":"status-publish","5":"product_cat-practicas","7":"first","8":"instock","9":"virtual","10":"purchasable","11":"product-type-simple"},"aioseo_notices":[],"_links":{"self":[{"href":"https:\/\/academiatrascender.com\/aula\/wp-json\/wp\/v2\/product\/1366","targetHints":{"allow":["GET"]}}],"collection":[{"href":"https:\/\/academiatrascender.com\/aula\/wp-json\/wp\/v2\/product"}],"about":[{"href":"https:\/\/academiatrascender.com\/aula\/wp-json\/wp\/v2\/types\/product"}],"replies":[{"embeddable":true,"href":"https:\/\/academiatrascender.com\/aula\/wp-json\/wp\/v2\/comments?post=1366"}],"wp:attachment":[{"href":"https:\/\/academiatrascender.com\/aula\/wp-json\/wp\/v2\/media?parent=1366"}],"wp:term":[{"taxonomy":"product_brand","embeddable":true,"href":"https:\/\/academiatrascender.com\/aula\/wp-json\/wp\/v2\/product_brand?post=1366"},{"taxonomy":"product_cat","embeddable":true,"href":"https:\/\/academiatrascender.com\/aula\/wp-json\/wp\/v2\/product_cat?post=1366"},{"taxonomy":"product_tag","embeddable":true,"href":"https:\/\/academiatrascender.com\/aula\/wp-json\/wp\/v2\/product_tag?post=1366"}],"curies":[{"name":"wp","href":"https:\/\/api.w.org\/{rel}","templated":true}]}}